{"id":1311,"date":"2018-09-19T10:26:01","date_gmt":"2018-09-19T10:26:01","guid":{"rendered":"http:\/\/law-firm.bold-themes.com\/master-import\/?page_id=1311"},"modified":"2018-09-19T10:26:01","modified_gmt":"2018-09-19T10:26:01","slug":"blog-portfolio-layouts","status":"publish","type":"page","link":"https:\/\/lacostera.org\/en\/elements\/blog-portfolio-layouts\/","title":{"rendered":"Blog &#038; Portfolio Layouts"},"content":{"rendered":"<section id=\"bt_bb_section69e0df582a37e\" class=\"bt_bb_section bt_bb_layout_boxed_1200 bt_bb_vertical_align_top bt_bb_top_spacing_large bt_bb_bottom_spacing_large\"  data-bt-override-class=\"null\"><div class=\"bt_bb_port\"><div class=\"bt_bb_cell\"><div class=\"bt_bb_cell_inner\"><div  class=\"bt_bb_row\" ><div  class=\"bt_bb_column col-xxl-12 col-xl-12 bt_bb_vertical_align_top bt_bb_align_left bt_bb_padding_normal\"  data-width=\"12\" data-bt-override-class=\"{}\"><div class=\"bt_bb_column_content\"><div class=\"bt_bb_column_content_inner\"><div class=\"bt_bb_latest_posts bt_bb_columns_3 bt_bb_gap_normal\"><div class=\"bt_bb_latest_posts_item\"><div class=\"bt_bb_latest_posts_item_inner\"><div class=\"bt_bb_latest_posts_item_image\"><img decoding=\"async\" src=\"https:\/\/lacostera.org\/wp-content\/uploads\/2020\/10\/certificaciones-la-costera.jpg\" alt=\"\u00bfQU\u00c9 ES UN ARBORISTA Y C\u00d3MO PUEDE AYUDAR EN TU PROYECTO?\" title=\"\u00bfQU\u00c9 ES UN ARBORISTA Y C\u00d3MO PUEDE AYUDAR EN TU PROYECTO?\" class=\"\" ><\/div><div class=\"bt_bb_latest_posts_item_content\"><h5 class=\"bt_bb_latest_posts_item_title\"><a href=\"https:\/\/lacostera.org\/en\/que-es-un-arborista-y-como-puede-ayudar-en-tu-proyecto\/\" target=\"_self\">\u00bfQU\u00c9 ES UN ARBORISTA Y C\u00d3MO PUEDE AYUDAR EN TU PROYECTO?<\/a><\/h5><div class=\"bt_bb_latest_posts_item_excerpt\">Cuando se trata de los expertos que trabajan en su proyecto de paisaje, sus t\u00edtulos explican bastante bien lo que hacen: Un paisajista\u2026 dise\u00f1a paisajes. Un constructor de paisajes\u2026 construye paisajes. Un Jardinero\u2026 sabr\u00e1 cuidar y mantener dichos paisajes Ahora, sabemos que los arboristas tienen algo que ver con los \u00e1rboles; pero \u00bfqu\u00e9 exactamente? Arborista,...<\/div><\/div><\/div><\/div><div class=\"bt_bb_latest_posts_item\"><div class=\"bt_bb_latest_posts_item_inner\"><div class=\"bt_bb_latest_posts_item_image\"><img decoding=\"async\" src=\"https:\/\/lacostera.org\/wp-content\/uploads\/2020\/10\/servicios-la-costera.jpg\" alt=\"DEFINICI\u00d3N DEL PAISAJE SEG\u00daN LA SOCIEDAD DE ARQUITECTOS PAISAJISTAS\" title=\"DEFINICI\u00d3N DEL PAISAJE SEG\u00daN LA SOCIEDAD DE ARQUITECTOS PAISAJISTAS\" class=\"\" ><\/div><div class=\"bt_bb_latest_posts_item_content\"><h5 class=\"bt_bb_latest_posts_item_title\"><a href=\"https:\/\/lacostera.org\/en\/definicion-del-paisaje-segun-la-sociedad-de-arquitectos-paisajistas\/\" target=\"_self\">DEFINICI\u00d3N DEL PAISAJE SEG\u00daN LA SOCIEDAD DE ARQUITECTOS PAISAJISTAS<\/a><\/h5><div class=\"bt_bb_latest_posts_item_excerpt\">La definici\u00f3n de paisaje corresponde a la aceptada y reconocida por la Organizaci\u00f3n de las Naciones Unidas para la Educaci\u00f3n, la Ciencia y la Cultura (por sus siglas en ingl\u00e9s. Por \u00abpaisaje\u00bb se entender\u00e1, cualquier parte del territorio tal como la percibe la poblaci\u00f3n, cuyo car\u00e1cter sea el resultado de la acci\u00f3n y la interacci\u00f3n...<\/div><\/div><\/div><\/div><div class=\"bt_bb_latest_posts_item\"><div class=\"bt_bb_latest_posts_item_inner\"><div class=\"bt_bb_latest_posts_item_image\"><img decoding=\"async\" src=\"https:\/\/lacostera.org\/wp-content\/uploads\/2020\/10\/la-costera.jpg\" alt=\"\u00bfQU\u00c9 IMPACTO TIENE UN JARD\u00cdN EN EL PRECIO DE TU CASA O PROYECTO?\" title=\"\u00bfQU\u00c9 IMPACTO TIENE UN JARD\u00cdN EN EL PRECIO DE TU CASA O PROYECTO?\" class=\"\" ><\/div><div class=\"bt_bb_latest_posts_item_content\"><h5 class=\"bt_bb_latest_posts_item_title\"><a href=\"https:\/\/lacostera.org\/en\/que-impacto-tiene-un-jardin-en-el-precio-de-tu-casa-o-proyecto\/\" target=\"_self\">\u00bfQU\u00c9 IMPACTO TIENE UN JARD\u00cdN EN EL PRECIO DE TU CASA O PROYECTO?<\/a><\/h5><div class=\"bt_bb_latest_posts_item_excerpt\">\u00bfSab\u00edas que tu jard\u00edn podr\u00eda agregar hasta un 16% al valor de tu propiedad, seg\u00fan los datos de estudios, basados en 5,000 propietarios de nueve pa\u00edses diferentes, muestra que tanto los consumidores como los agentes inmobiliarios ven el jard\u00edn como un \u00e1rea de gran potencial para reforzar el precio de una propiedad. En M\u00e9xico, contar...<\/div><\/div><\/div><\/div><\/div><\/div><\/div><\/div><\/div><div  class=\"bt_bb_row\" ><div  class=\"bt_bb_column col-xxl-12 col-xl-12 bt_bb_vertical_align_top bt_bb_align_left bt_bb_padding_normal\"  data-width=\"12\" data-bt-override-class=\"{}\"><div class=\"bt_bb_column_content\"><div class=\"bt_bb_column_content_inner\"><div class=\"bt_bb_separator bt_bb_border_style_solid bt_bb_top_spacing_medium bt_bb_bottom_spacing_medium\" data-bt-override-class=\"null\"><\/div><\/div><\/div><\/div><\/div><div  class=\"bt_bb_row\" ><div  class=\"bt_bb_column col-xxl-12 col-xl-12 bt_bb_vertical_align_top bt_bb_align_left bt_bb_padding_normal\"  data-width=\"12\" data-bt-override-class=\"{}\"><div class=\"bt_bb_column_content\"><div class=\"bt_bb_column_content_inner\"><div class=\"bt_bb_masonry_post_grid bt_bb_grid_container bt_bb_columns_3 bt_bb_gap_normal\" data-columns=\"3\"><div class=\"bt_bb_post_grid_filter\"><span class=\"bt_bb_post_grid_filter_item active\" data-category=\"\">All<\/span><span class=\"bt_bb_post_grid_filter_item\" data-category=\"sin-categoria\">Sin categor\u00eda<\/span><span class=\"bt_bb_post_grid_filter_item\" data-category=\"uncategorized\">Uncategorized<\/span><\/div><div class=\"bt_bb_masonry_post_grid_content bt_bb_grid_hide\" data-bt-bb-masonry-post-grid-nonce=\"8c0c7167b1\" data-number=\"3\" data-category=\"\" data-show=\"%7B%22category%22%3Afalse%2C%22date%22%3Atrue%2C%22author%22%3Atrue%2C%22comments%22%3Afalse%2C%22excerpt%22%3Afalse%2C%22share%22%3Atrue%7D\" data-auto-loading=\"\" data-post-type=\"post\"><div class=\"bt_bb_grid_sizer\"><\/div><\/div><div class=\"bt_bb_post_grid_loader\"><\/div><\/div><\/div><\/div><\/div><\/div><div  class=\"bt_bb_row\" ><div  class=\"bt_bb_column col-xxl-12 col-xl-12 bt_bb_vertical_align_top bt_bb_align_left bt_bb_padding_normal\"  data-width=\"12\" data-bt-override-class=\"{}\"><div class=\"bt_bb_column_content\"><div class=\"bt_bb_column_content_inner\"><div class=\"bt_bb_separator bt_bb_border_style_solid bt_bb_top_spacing_medium bt_bb_bottom_spacing_medium\" data-bt-override-class=\"null\"><\/div><\/div><\/div><\/div><\/div><div  class=\"bt_bb_row\" ><div  class=\"bt_bb_column col-xxl-12 col-xl-12 bt_bb_vertical_align_top bt_bb_align_left bt_bb_padding_normal\"  data-width=\"12\" data-bt-override-class=\"{}\"><div class=\"bt_bb_column_content\"><div class=\"bt_bb_column_content_inner\"><div class=\"bt_bb_masonry_portfolio_tiles bt_bb_grid_container bt_bb_columns_2 bt_bb_gap_large\" data-columns=\"2\"><div class=\"bt_bb_masonry_portfolio_tiles_content bt_bb_masonry_post_grid_content bt_bb_grid_hide\" data-bt-nonce=\"cd0303db3f\" data-number-portfolio=\"4\" data-format-portfolio=\"\" data-category-portfolio=\"\"  data-post-type=\"portfolio\" data-show-portfolio=\"a%3A2%3A%7Bs%3A7%3A%22excerpt%22%3Bb%3A0%3Bs%3A5%3A%22title%22%3Bb%3A0%3B%7D\"><div class=\"bt_bb_grid_sizer\"><\/div><\/div><div class=\"bt_bb_post_grid_loader\"><span class=\"box1\"><\/span><span class=\"box2\"><\/span><span class=\"box3\"><\/span><span class=\"box4\"><\/span><span class=\"box5\"><\/span><\/div><\/div><\/div><\/div><\/div><\/div><\/div><!-- cell_inner --><\/div><!-- cell --><\/div><!-- port --><\/section>","protected":false},"excerpt":{"rendered":"","protected":false},"author":2,"featured_media":9,"parent":1348,"menu_order":0,"comment_status":"closed","ping_status":"closed","template":"","meta":{"_joinchat":[],"footnotes":""},"class_list":["post-1311","page","type-page","status-publish","has-post-thumbnail","hentry"],"_links":{"self":[{"href":"https:\/\/lacostera.org\/en\/wp-json\/wp\/v2\/pages\/1311","targetHints":{"allow":["GET"]}}],"collection":[{"href":"https:\/\/lacostera.org\/en\/wp-json\/wp\/v2\/pages"}],"about":[{"href":"https:\/\/lacostera.org\/en\/wp-json\/wp\/v2\/types\/page"}],"author":[{"embeddable":true,"href":"https:\/\/lacostera.org\/en\/wp-json\/wp\/v2\/users\/2"}],"replies":[{"embeddable":true,"href":"https:\/\/lacostera.org\/en\/wp-json\/wp\/v2\/comments?post=1311"}],"version-history":[{"count":0,"href":"https:\/\/lacostera.org\/en\/wp-json\/wp\/v2\/pages\/1311\/revisions"}],"up":[{"embeddable":true,"href":"https:\/\/lacostera.org\/en\/wp-json\/wp\/v2\/pages\/1348"}],"wp:featuredmedia":[{"embeddable":true,"href":"https:\/\/lacostera.org\/en\/wp-json\/wp\/v2\/media\/9"}],"wp:attachment":[{"href":"https:\/\/lacostera.org\/en\/wp-json\/wp\/v2\/media?parent=1311"}],"curies":[{"name":"wp","href":"https:\/\/api.w.org\/{rel}","templated":true}]}}