{"id":2366,"date":"2019-09-26T09:20:19","date_gmt":"2019-09-26T09:20:19","guid":{"rendered":"http:\/\/gardena.bold-themes.com\/green-demo\/?page_id=2366"},"modified":"2024-06-07T08:02:12","modified_gmt":"2024-06-07T08:02:12","slug":"paisajismo","status":"publish","type":"page","link":"https:\/\/lacostera.org\/en\/paisajismo\/","title":{"rendered":"Landscaping"},"content":{"rendered":"<section id=\"bt_bb_section69dd278055070\" class=\"bt_bb_section bt_bb_color_scheme_1 bt_bb_layout_boxed_1200 bt_bb_full_screen bt_bb_vertical_align_middle bt_bb_background_overlay_dark_solid bt_bb_top_spacing_large bt_bb_bottom_spacing_large\" style=\"background-position:center bottom;; --section-primary-color:#ffffff; --section-secondary-color:#4e4e4e;\" data-bt-override-class=\"null\"><div class=\"bt_bb_background_image_holder_wrapper\"><div class=\"bt_bb_background_image_holder btLazyLoadBackground bt_bb_parallax\"  data-background_image_src=\"https:\/\/lacostera.org\/wp-content\/uploads\/2020\/10\/diseno-y-construccion-de-jardines.jpg\" data-parallax=\"0.7\" data-parallax-offset=\"0\" data-parallax-zoom-start=\"1\" data-parallax-zoom-end=\"1\" data-parallax-blur-start=\"0\" data-parallax-blur-end=\"0\" data-parallax-opacity-start=\"1\" data-parallax-opacity-end=\"1\" style=\" background-image: url(&#039;https:\/\/lacostera.org\/wp-content\/plugins\/bold-page-builder\/img\/blank.gif&#039;);\"><\/div><\/div><div class=\"bt_bb_port\"><div class=\"bt_bb_cell\"><div class=\"bt_bb_cell_inner\"><div  class=\"bt_bb_row\" ><div  class=\"bt_bb_column col-xxl-12 col-xl-12 bt_bb_vertical_align_middle bt_bb_align_center bt_bb_padding_normal bt_bb_animation_fade_in animate\"  data-width=\"12\" data-bt-override-class=\"{}\"><div class=\"bt_bb_column_content\"><div class=\"bt_bb_column_content_inner\"><div class=\"bt_bb_separator bt_bb_border_style_none bt_bb_bottom_spacing_large\" data-bt-override-class=\"null\"><\/div><header class=\"bt_bb_headline bt_bb_dash_top bt_bb_superheadline bt_bb_size_huge bt_bb_align_inherit\"  data-bt-override-class=\"{}\"><h1 class=\"bt_bb_headline_tag\"><span class=\"bt_bb_headline_superheadline\">Landscaping<\/span><span class=\"bt_bb_headline_content\"><span>Design and construction of gardens<br \/>\r\n<\/span><\/span><\/h1><\/header><div class=\"bt_bb_separator bt_bb_border_style_none bt_bb_bottom_spacing_large\" data-bt-override-class=\"null\"><\/div><\/div><\/div><\/div><\/div><\/div><!-- cell_inner --><\/div><!-- cell --><\/div><!-- port --><\/section><section id=\"bt_bb_section69dd2780553c8\" class=\"bt_bb_section bt_bb_layout_boxed_1200 bt_bb_vertical_align_top bt_bb_top_spacing_large bt_bb_bottom_spacing_large\"  data-bt-override-class=\"null\"><div class=\"bt_bb_port\"><div class=\"bt_bb_cell\"><div class=\"bt_bb_cell_inner\"><div  class=\"bt_bb_row bt_bb_column_gap_30\" ><div  class=\"bt_bb_column col-xxl-12 col-xl-12 bt_bb_vertical_align_middle bt_bb_align_left bt_bb_padding_normal bt_bb_animation_fade_in animate\"  data-width=\"12\" data-bt-override-class=\"{}\"><div class=\"bt_bb_column_content\"><div class=\"bt_bb_column_content_inner\"><header class=\"bt_bb_headline bt_bb_color_scheme_3 bt_bb_dash_none bt_bb_size_normal bt_bb_align_inherit\"  style=\"; --headline-primary-color:#67823a; --headline-secondary-color:#4e4e4e;\" data-bt-override-class=\"{}\"><h2 class=\"bt_bb_headline_tag\"><span class=\"bt_bb_headline_content\"><span>Landscaping is our favorite area and the heart of the company<br \/>\r\n<br \/>\r\n<\/span><\/span><\/h2><\/header><div class=\"bt_bb_separator bt_bb_border_style_none bt_bb_bottom_spacing_normal\" data-bt-override-class=\"null\"><\/div><div  class=\"bt_bb_text\" ><div class=\"fusion-layout-column fusion_builder_column fusion_builder_column_1_2 fusion-builder-column-2 fusion-one-half fusion-column-first fusion-column-no-min-height 1_2\">\n<div class=\"fusion-column-wrapper\" data-bg-url=\"\">\n<div class=\"fusion-column-content-centered\">\n<div class=\"fusion-column-content\">\n<div class=\"fusion-text\">\n<p>\"It is not a matter of accommodating plants and colors but rather includes various disciplines such as architecture, ecology, agronomy and mainly good taste, all this together aims to obtain an ideal result through nature, conserving the environment and improving a lifestyle by being in contact with your earthly paradise \u201d.<\/p>\n<p>\"We print in each design a bit of Originality, Harmony, Passion, recognizing that the magic of this is made by natural elements by themselves such as\" plants, foliage and other elements that make up the garden.<br \/>\nWe trace simplicity, order and elegance in each garden, always linking the natural, architectural and style of the client.<br \/>\nOur priority is the quality of our work and the tranquility of our clients.}<\/p>\n<p>Whatever your need, do not hesitate to contact us, we have a good proposal for you.<br \/>\nNuestros Jardines de bajo mantenimiento, ya que hoy en d\u00eda es una necesidad aprovechar al m\u00e1ximo los recursos de tiempo y agua. Est\u00e1n dise\u00f1ados con fundamentos est\u00e9ticos y funcionales, ideados para su disfrute.Navega por nuestro <a href=\"https:\/\/www.high-endrolex.com\/\">partner-sponsored Glasses<\/a>, con una variedad de opciones para todos los gustos y presupuestos, disponibles para comprar online<\/p>\n<\/div>\n<\/div>\n<\/div>\n<div class=\"fusion-clearfix\"><\/div>\n<\/div>\n<\/div>\n<div class=\"fusion-layout-column fusion_builder_column fusion_builder_column_1_2 fusion-builder-column-3 fusion-one-half fusion-column-last fusion-column-no-min-height 1_2\">\n<div class=\"fusion-column-wrapper\" data-bg-url=\"\">\n<div class=\"fusion-column-content-centered\">\n<div class=\"fusion-column-content\">\n<div class=\"fusion-text\">\n<p>But above all they are beautiful gardens. They are exterior rooms, an ideal place where you can invite family and friends to enjoy life and at the same time allow you to contribute to the environment.<\/p>\n<p>We understand the value of your investment and for any good project a good design garden in which you can enjoy a small earthly paradise, we can help you with that mission.<\/p>\n<p>Our gardens have a touch of originality in each Project as exclusive as our clients. We are proud to use a minimum 20% of native plants (local distribution of a territory), we also have native species preservation programs, we try to demonstrate the beauty of the flora of each area, thereby ensuring the existence of the same species and on the other hand we achieve a low maintenance garden adapted to its environment.<\/p>\n<p>We currently serve the states of Nayarit and Jalisco but do not hesitate to contact us as we can travel anywhere with interesting projects.<\/p>\n<\/div>\n<\/div>\n<\/div>\n<\/div>\n<\/div>\n<\/div><div class=\"bt_bb_separator bt_bb_border_style_none bt_bb_bottom_spacing_normal\" data-bt-override-class=\"null\"><\/div><div class=\"bt_bb_button bt_bb_color_scheme_6 bt_bb_icon_position_left bt_bb_style_filled bt_bb_size_normal bt_bb_width_inline bt_bb_shape_inherit bt_bb_target_self bt_bb_align_inherit\" style=\"; --primary-color:#ffffff; --secondary-color:#67823a;\" data-bt-override-class=\"{}\"><a href=\"https:\/\/lacostera.org\/en\/contacto\/\" target=\"_self\" class=\"bt_bb_link\" title=\"Contact Us\"><span class=\"bt_bb_button_text\" >Contact Us<\/span><\/a><\/div><div class=\"bt_bb_separator bt_bb_border_style_none bt_bb_bottom_spacing_medium bt_bb_hidden_md bt_bb_hidden_lg\" data-bt-override-class=\"null\"><\/div><\/div><\/div><\/div><\/div><div  class=\"bt_bb_row\" ><div  class=\"bt_bb_column col-xxl-12 col-xl-12 bt_bb_vertical_align_top bt_bb_align_left bt_bb_padding_normal\"  data-width=\"12\" data-bt-override-class=\"{}\"><div class=\"bt_bb_column_content\"><div class=\"bt_bb_column_content_inner\"><\/div><\/div><\/div><\/div><div  class=\"bt_bb_row\" ><div  class=\"bt_bb_column col-xxl-12 col-xl-12 bt_bb_vertical_align_top bt_bb_align_left bt_bb_padding_normal\"  data-width=\"12\" data-bt-override-class=\"{}\"><div class=\"bt_bb_column_content\"><div class=\"bt_bb_column_content_inner\"><\/div><\/div><\/div><\/div><div  class=\"bt_bb_row\" ><div  class=\"bt_bb_column col-xxl-12 col-xl-12 bt_bb_vertical_align_top bt_bb_align_left bt_bb_padding_normal\"  data-width=\"12\" data-bt-override-class=\"{}\"><div class=\"bt_bb_column_content\"><div class=\"bt_bb_column_content_inner\"><\/div><\/div><\/div><\/div><div  class=\"bt_bb_row\" ><div  class=\"bt_bb_column col-xxl-12 col-xl-12 bt_bb_vertical_align_top bt_bb_align_left bt_bb_padding_normal\"  data-width=\"12\" data-bt-override-class=\"{}\"><div class=\"bt_bb_column_content\"><div class=\"bt_bb_column_content_inner\"><\/div><\/div><\/div><\/div><div  class=\"bt_bb_row\" ><div  class=\"bt_bb_column col-xxl-12 col-xl-12 bt_bb_vertical_align_top bt_bb_align_left bt_bb_padding_normal\"  data-width=\"12\" data-bt-override-class=\"{}\"><div class=\"bt_bb_column_content\"><div class=\"bt_bb_column_content_inner\"><\/div><\/div><\/div><\/div><div  class=\"bt_bb_row\" ><div  class=\"bt_bb_column col-xxl-12 col-xl-12 bt_bb_vertical_align_top bt_bb_align_left bt_bb_padding_normal\"  data-width=\"12\" data-bt-override-class=\"{}\"><div class=\"bt_bb_column_content\"><div class=\"bt_bb_column_content_inner\"><\/div><\/div><\/div><\/div><\/div><!-- cell_inner --><\/div><!-- cell --><\/div><!-- port --><\/section><section id=\"bt_bb_section69dd278055f10\" class=\"bt_bb_section bt_bb_color_scheme_1 bt_bb_layout_wide bt_bb_vertical_align_top bt_bb_top_spacing_5\" style=\"; --section-primary-color:#ffffff; --section-secondary-color:#4e4e4e;;background-color:#ffffff;\" data-bt-override-class=\"null\"><div class=\"bt_bb_port\"><div class=\"bt_bb_cell\"><div class=\"bt_bb_cell_inner\"><div  class=\"bt_bb_row bt_bb_column_gap_5\" ><div  class=\"bt_bb_column col-xxl-12 col-xl-12 bt_bb_vertical_align_top bt_bb_align_left bt_bb_padding_normal bt_bb_animation_fade_in animate\"  data-width=\"12\" data-bt-override-class=\"{}\"><div class=\"bt_bb_column_content\"><div class=\"bt_bb_column_content_inner\"><div class=\"bt_bb_separator bt_bb_border_style_none bt_bb_top_spacing_5\" data-bt-override-class=\"null\"><\/div><div class=\"bt_bb_masonry_image_grid bt_bb_grid_container bt_bb_columns_6 bt_bb_gap_no_gap\" data-columns=\"6\"><div class=\"bt_bb_masonry_post_image_content\" data-columns=\"6\"><div class=\"bt_bb_grid_sizer\"><\/div><div class=\"bt_bb_grid_item bt_bb_tile_format11\" data-hw=\"0.75\" data-src=\"https:\/\/lacostera.org\/wp-content\/uploads\/2020\/06\/paisaj-2-600x600-2.jpg\" data-src-full=\"https:\/\/lacostera.org\/wp-content\/uploads\/2020\/06\/paisaj-2-600x600-2.jpg\" data-title=\"paisaj-2-600x600\"><div class=\"bt_bb_grid_item_inner\" data-hw=\"0.75\" ><div class=\"bt_bb_grid_item_inner_image\"><\/div><div class=\"bt_bb_grid_item_inner_content\"><\/div><\/div><\/div><div class=\"bt_bb_grid_item bt_bb_tile_format11\" data-hw=\"0.75\" data-src=\"https:\/\/lacostera.org\/wp-content\/uploads\/2020\/06\/paisaj-33-1-600x800-3.jpg\" data-src-full=\"https:\/\/lacostera.org\/wp-content\/uploads\/2020\/06\/paisaj-33-1-600x800-3.jpg\" data-title=\"paisaj-33-1-600x800\"><div class=\"bt_bb_grid_item_inner\" data-hw=\"0.75\" ><div class=\"bt_bb_grid_item_inner_image\"><\/div><div class=\"bt_bb_grid_item_inner_content\"><\/div><\/div><\/div><div class=\"bt_bb_grid_item bt_bb_tile_format11\" data-hw=\"0.75\" data-src=\"https:\/\/lacostera.org\/wp-content\/uploads\/2020\/06\/paisaj-6-600x600-2.jpg\" data-src-full=\"https:\/\/lacostera.org\/wp-content\/uploads\/2020\/06\/paisaj-6-600x600-2.jpg\" data-title=\"paisaj-6-600x600\"><div class=\"bt_bb_grid_item_inner\" data-hw=\"0.75\" ><div class=\"bt_bb_grid_item_inner_image\"><\/div><div class=\"bt_bb_grid_item_inner_content\"><\/div><\/div><\/div><div class=\"bt_bb_grid_item bt_bb_tile_format11\" data-hw=\"0.75\" data-src=\"https:\/\/lacostera.org\/wp-content\/uploads\/2020\/06\/paisaj-55-1-600x450-2.jpg\" data-src-full=\"https:\/\/lacostera.org\/wp-content\/uploads\/2020\/06\/paisaj-55-1-600x450-2.jpg\" data-title=\"paisaj-55-1-600x450\"><div class=\"bt_bb_grid_item_inner\" data-hw=\"0.75\" ><div class=\"bt_bb_grid_item_inner_image\"><\/div><div class=\"bt_bb_grid_item_inner_content\"><\/div><\/div><\/div><div class=\"bt_bb_grid_item bt_bb_tile_format11\" data-hw=\"0.75\" data-src=\"https:\/\/lacostera.org\/wp-content\/uploads\/2020\/06\/paisaj-77-1-600x450-2.jpg\" data-src-full=\"https:\/\/lacostera.org\/wp-content\/uploads\/2020\/06\/paisaj-77-1-600x450-2.jpg\" data-title=\"paisaj-77-1-600x450\"><div class=\"bt_bb_grid_item_inner\" data-hw=\"0.75\" ><div class=\"bt_bb_grid_item_inner_image\"><\/div><div class=\"bt_bb_grid_item_inner_content\"><\/div><\/div><\/div><div class=\"bt_bb_grid_item bt_bb_tile_format11\" data-hw=\"0.75\" data-src=\"https:\/\/lacostera.org\/wp-content\/uploads\/2020\/06\/unspecified-3-600x450-2.jpeg\" data-src-full=\"https:\/\/lacostera.org\/wp-content\/uploads\/2020\/06\/unspecified-3-600x450-2.jpeg\" data-title=\"unspecified-3-600x450\"><div class=\"bt_bb_grid_item_inner\" data-hw=\"0.75\" ><div class=\"bt_bb_grid_item_inner_image\"><\/div><div class=\"bt_bb_grid_item_inner_content\"><\/div><\/div><\/div><\/div><\/div><\/div><\/div><\/div><\/div><\/div><!-- cell_inner --><\/div><!-- cell --><\/div><!-- port --><\/section>","protected":false},"excerpt":{"rendered":"","protected":false},"author":2,"featured_media":0,"parent":0,"menu_order":0,"comment_status":"closed","ping_status":"closed","template":"","meta":{"_joinchat":[],"footnotes":""},"class_list":["post-2366","page","type-page","status-publish","hentry"],"_links":{"self":[{"href":"https:\/\/lacostera.org\/en\/wp-json\/wp\/v2\/pages\/2366","targetHints":{"allow":["GET"]}}],"collection":[{"href":"https:\/\/lacostera.org\/en\/wp-json\/wp\/v2\/pages"}],"about":[{"href":"https:\/\/lacostera.org\/en\/wp-json\/wp\/v2\/types\/page"}],"author":[{"embeddable":true,"href":"https:\/\/lacostera.org\/en\/wp-json\/wp\/v2\/users\/2"}],"replies":[{"embeddable":true,"href":"https:\/\/lacostera.org\/en\/wp-json\/wp\/v2\/comments?post=2366"}],"version-history":[{"count":39,"href":"https:\/\/lacostera.org\/en\/wp-json\/wp\/v2\/pages\/2366\/revisions"}],"predecessor-version":[{"id":11906,"href":"https:\/\/lacostera.org\/en\/wp-json\/wp\/v2\/pages\/2366\/revisions\/11906"}],"wp:attachment":[{"href":"https:\/\/lacostera.org\/en\/wp-json\/wp\/v2\/media?parent=2366"}],"curies":[{"name":"wp","href":"https:\/\/api.w.org\/{rel}","templated":true}]}}