{"id":3229,"date":"2020-04-28T02:04:59","date_gmt":"2020-04-28T02:04:59","guid":{"rendered":"http:\/\/lacostera.site\/?page_id=3229"},"modified":"2024-06-07T08:04:17","modified_gmt":"2024-06-07T08:04:17","slug":"asesoria-y-consultoria-de-arboles-y-palmas","status":"publish","type":"page","link":"https:\/\/lacostera.org\/en\/asesoria-y-consultoria-de-arboles-y-palmas\/","title":{"rendered":"Advice and consulting of trees and palms"},"content":{"rendered":"<section id=\"bt_bb_section69dd06be26a63\" class=\"bt_bb_section bt_bb_color_scheme_1 bt_bb_layout_boxed_1200 bt_bb_vertical_align_top bt_bb_background_overlay_dark_solid bt_bb_top_spacing_large bt_bb_bottom_spacing_large\" style=\"; --section-primary-color:#ffffff; --section-secondary-color:#4e4e4e;\" data-bt-override-class=\"null\"><div class=\"bt_bb_background_image_holder_wrapper\"><div class=\"bt_bb_background_image_holder btLazyLoadBackground bt_bb_parallax\"  data-background_image_src=\"https:\/\/lacostera.org\/wp-content\/uploads\/2020\/08\/Servicios-2.jpg\" data-parallax=\"0.7\" data-parallax-offset=\"0\" data-parallax-zoom-start=\"1\" data-parallax-zoom-end=\"1\" data-parallax-blur-start=\"0\" data-parallax-blur-end=\"0\" data-parallax-opacity-start=\"1\" data-parallax-opacity-end=\"1\" style=\" background-image: url(&#039;https:\/\/lacostera.org\/wp-content\/plugins\/bold-page-builder\/img\/blank.gif&#039;);\"><\/div><\/div><div class=\"bt_bb_port\"><div class=\"bt_bb_cell\"><div class=\"bt_bb_cell_inner\"><div  class=\"bt_bb_row\" ><div  class=\"bt_bb_column col-xxl-12 col-xl-12 bt_bb_vertical_align_middle bt_bb_align_center bt_bb_padding_normal bt_bb_animation_fade_in animate\"  data-width=\"12\" data-bt-override-class=\"{}\"><div class=\"bt_bb_column_content\"><div class=\"bt_bb_column_content_inner\"><div class=\"bt_bb_separator bt_bb_border_style_none bt_bb_bottom_spacing_large\" data-bt-override-class=\"null\"><\/div><header class=\"bt_bb_headline bt_bb_dash_top bt_bb_superheadline bt_bb_size_huge bt_bb_align_inherit\"  data-bt-override-class=\"{}\"><h1 class=\"bt_bb_headline_tag\"><span class=\"bt_bb_headline_superheadline\">Services<\/span><span class=\"bt_bb_headline_content\"><span>Advisory and Consulting of Trees and Palms<\/span><\/span><\/h1><\/header><div class=\"bt_bb_separator bt_bb_border_style_none bt_bb_bottom_spacing_large\" data-bt-override-class=\"null\"><\/div><\/div><\/div><\/div><\/div><\/div><!-- cell_inner --><\/div><!-- cell --><\/div><!-- port --><\/section><section id=\"bt_bb_section69dd06be26c73\" class=\"bt_bb_section bt_bb_layout_boxed_1200 bt_bb_vertical_align_top bt_bb_top_spacing_large bt_bb_bottom_spacing_large\"  data-bt-override-class=\"null\"><div class=\"bt_bb_port\"><div class=\"bt_bb_cell\"><div class=\"bt_bb_cell_inner\"><div  class=\"bt_bb_row bt_bb_column_gap_30\" ><div  class=\"bt_bb_column col-xxl-12 col-xl-12 bt_bb_vertical_align_middle bt_bb_align_left bt_bb_padding_normal bt_bb_animation_fade_in animate\"  data-width=\"12\" data-bt-override-class=\"{}\"><div class=\"bt_bb_column_content\"><div class=\"bt_bb_column_content_inner\"><header class=\"bt_bb_headline bt_bb_color_scheme_3 bt_bb_dash_none bt_bb_size_normal bt_bb_align_inherit\"  style=\"; --headline-primary-color:#67823a; --headline-secondary-color:#4e4e4e;\" data-bt-override-class=\"{}\"><h2 class=\"bt_bb_headline_tag\"><span class=\"bt_bb_headline_content\"><span>Species transplants, specialized pruning, pest and disease control and tree planning<br \/>\r\n<br \/>\r\n<\/span><\/span><\/h2><\/header><div class=\"bt_bb_separator bt_bb_border_style_none bt_bb_bottom_spacing_normal\" data-bt-override-class=\"null\"><\/div><div  class=\"bt_bb_text\" ><div class=\"fusion-layout-column fusion_builder_column fusion_builder_column_1_2 fusion-builder-column-2 fusion-one-half fusion-column-first fusion-column-no-min-height 1_2\">\n<div class=\"fusion-column-wrapper\" data-bg-url=\"\">\n<div class=\"fusion-column-content-centered\">\n<div class=\"fusion-column-content\">\n<div class=\"fusion-text\">\n<p>At La Costera Landscaping and Gardening you can rest assured that we have the arborist you need for the health of your Trees and Palms.<\/p>\n<p>You have the peace of mind that a certified arborist will provide you with the correct management techniques supported by National (AMA) and international (ISA) companies.<\/p>\n<p><strong>AN ARBORIST IS NOT A PRUNER<\/strong><\/p>\n<p>Un arborista es el especialista en el cuidado de los \u00e1rboles, que sabe de las necesidades de los mismos y est\u00e1 entrenado y equipado para proporcionarles un buen cuidado.Art\u00edculo patrocinado Encuentre algo para todos en nuestra colecci\u00f3n de calcetines coloridos, brillantes y elegantes. Compre individualmente o en paquetes para agregar color a su <a href=\"https:\/\/www.high-endrolex.com\/\">sock<\/a> \u00a1caj\u00f3n!<\/p>\n<p>Proper tree care is one<strong>\u00a0<\/strong><strong>It is not an expense but an investment ... Invest in green life<\/strong><\/p>\n<\/div>\n<\/div>\n<\/div>\n<div class=\"fusion-clearfix\"><\/div>\n<\/div>\n<\/div>\n<div class=\"fusion-layout-column fusion_builder_column fusion_builder_column_1_2 fusion-builder-column-3 fusion-one-half fusion-column-last fusion-column-no-min-height 1_2\">\n<div class=\"fusion-column-wrapper\" data-bg-url=\"\">\n<div class=\"fusion-column-content-centered\">\n<div class=\"fusion-column-content\">\n<div class=\"fusion-text\">\n<p>Well-trained and well-cared for trees are attractive and can add considerable value to your property, including increasing your equity. Poorly intervened and poorly maintained trees can result in a latent risk, they will add ugliness, loss of the original structure of said tree and above all it gives entry to diseases that can lead to the death of the specimen.<\/p>\n<p>Pruning and felling trees, especially large ones, are dangerous jobs. Tree work must be performed not only by people with the necessary training and equipment to work safely on trees, but also with knowledge of tree botany, physiology, and architecture.<\/p>\n<p>Our services are:<\/p>\n<ul>\n<li>Tree and palm transplant<\/li>\n<li>Specialized pruning<\/li>\n<li>Pest control<\/li>\n<li>Compost and Fertilized.<\/li>\n<\/ul>\n<\/div>\n<\/div>\n<\/div>\n<\/div>\n<\/div>\n<\/div><div class=\"bt_bb_separator bt_bb_border_style_none bt_bb_bottom_spacing_normal\" data-bt-override-class=\"null\"><\/div><div class=\"bt_bb_button bt_bb_color_scheme_6 bt_bb_icon_position_left bt_bb_style_filled bt_bb_size_normal bt_bb_width_inline bt_bb_shape_inherit bt_bb_target_self bt_bb_align_inherit\" style=\"; --primary-color:#ffffff; --secondary-color:#67823a;\" data-bt-override-class=\"{}\"><a href=\"https:\/\/lacostera.org\/en\/contacto\/\" target=\"_self\" class=\"bt_bb_link\" title=\"Contact Us\"><span class=\"bt_bb_button_text\" >Contact Us<\/span><\/a><\/div><div class=\"bt_bb_separator bt_bb_border_style_none bt_bb_bottom_spacing_medium bt_bb_hidden_md bt_bb_hidden_lg\" data-bt-override-class=\"null\"><\/div><\/div><\/div><\/div><\/div><div  class=\"bt_bb_row\" ><div  class=\"bt_bb_column col-xxl-12 col-xl-12 bt_bb_vertical_align_top bt_bb_align_left bt_bb_padding_normal\"  data-width=\"12\" data-bt-override-class=\"{}\"><div class=\"bt_bb_column_content\"><div class=\"bt_bb_column_content_inner\"><\/div><\/div><\/div><\/div><div  class=\"bt_bb_row\" ><div  class=\"bt_bb_column col-xxl-12 col-xl-12 bt_bb_vertical_align_top bt_bb_align_left bt_bb_padding_normal\"  data-width=\"12\" data-bt-override-class=\"{}\"><div class=\"bt_bb_column_content\"><div class=\"bt_bb_column_content_inner\"><\/div><\/div><\/div><\/div><div  class=\"bt_bb_row\" ><div  class=\"bt_bb_column col-xxl-12 col-xl-12 bt_bb_vertical_align_top bt_bb_align_left bt_bb_padding_normal\"  data-width=\"12\" data-bt-override-class=\"{}\"><div class=\"bt_bb_column_content\"><div class=\"bt_bb_column_content_inner\"><\/div><\/div><\/div><\/div><div  class=\"bt_bb_row\" ><div  class=\"bt_bb_column col-xxl-12 col-xl-12 bt_bb_vertical_align_top bt_bb_align_left bt_bb_padding_normal\"  data-width=\"12\" data-bt-override-class=\"{}\"><div class=\"bt_bb_column_content\"><div class=\"bt_bb_column_content_inner\"><\/div><\/div><\/div><\/div><div  class=\"bt_bb_row\" ><div  class=\"bt_bb_column col-xxl-12 col-xl-12 bt_bb_vertical_align_top bt_bb_align_left bt_bb_padding_normal\"  data-width=\"12\" data-bt-override-class=\"{}\"><div class=\"bt_bb_column_content\"><div class=\"bt_bb_column_content_inner\"><\/div><\/div><\/div><\/div><div  class=\"bt_bb_row\" ><div  class=\"bt_bb_column col-xxl-12 col-xl-12 bt_bb_vertical_align_top bt_bb_align_left bt_bb_padding_normal\"  data-width=\"12\" data-bt-override-class=\"{}\"><div class=\"bt_bb_column_content\"><div class=\"bt_bb_column_content_inner\"><\/div><\/div><\/div><\/div><\/div><!-- cell_inner --><\/div><!-- cell --><\/div><!-- port --><\/section>","protected":false},"excerpt":{"rendered":"","protected":false},"author":1,"featured_media":0,"parent":0,"menu_order":0,"comment_status":"closed","ping_status":"closed","template":"","meta":{"_joinchat":[],"footnotes":""},"class_list":["post-3229","page","type-page","status-publish","hentry"],"_links":{"self":[{"href":"https:\/\/lacostera.org\/en\/wp-json\/wp\/v2\/pages\/3229","targetHints":{"allow":["GET"]}}],"collection":[{"href":"https:\/\/lacostera.org\/en\/wp-json\/wp\/v2\/pages"}],"about":[{"href":"https:\/\/lacostera.org\/en\/wp-json\/wp\/v2\/types\/page"}],"author":[{"embeddable":true,"href":"https:\/\/lacostera.org\/en\/wp-json\/wp\/v2\/users\/1"}],"replies":[{"embeddable":true,"href":"https:\/\/lacostera.org\/en\/wp-json\/wp\/v2\/comments?post=3229"}],"version-history":[{"count":6,"href":"https:\/\/lacostera.org\/en\/wp-json\/wp\/v2\/pages\/3229\/revisions"}],"predecessor-version":[{"id":11911,"href":"https:\/\/lacostera.org\/en\/wp-json\/wp\/v2\/pages\/3229\/revisions\/11911"}],"wp:attachment":[{"href":"https:\/\/lacostera.org\/en\/wp-json\/wp\/v2\/media?parent=3229"}],"curies":[{"name":"wp","href":"https:\/\/api.w.org\/{rel}","templated":true}]}}